{"id":60,"date":"2023-03-29T11:52:59","date_gmt":"2023-03-29T11:52:59","guid":{"rendered":"https:\/\/chargespot.se\/?product=hoodie-with-logo"},"modified":"2023-04-11T06:47:02","modified_gmt":"2023-04-11T06:47:02","slug":"hoodie-with-logo","status":"publish","type":"product","link":"https:\/\/dev.chargespot.se\/?product=hoodie-with-logo","title":{"rendered":"Charge Amps Aura med tv\u00e5 uttag"},"content":{"rendered":"<h2>Charge Amp Aura laddbox<\/h2>\n<p>Denna laddbox i toppklass och snygg design l\u00e5ter dig ladda tv\u00e5 elbilar samtidigt med tv\u00e5 22kW-uttag. Charge Amps Aura \u00e4r omsorgsfullt utformad av Joachim Nordwall (designer hos Koenigsegg) och dessutom tillverkad i h\u00e5llbar \u00e5tervunnet aluminium. Med blank silverfa\u0308rg passar Charge Amps Aura i sa\u030ava\u0308l gatumiljo\u0308 som i ett garage eller pa\u030a en uppfart.<\/p>\n<p>LED-lampor p\u00e5 laddboxen indikerar ba\u030ade pa\u030aga\u030aende laddning och visar va\u0308gen till RFID mottagaren fo\u0308r enkel identifiering och total o\u0308versikt. Laddboxen finns i tv\u00e5 utf\u00f6rande, Wifi eller 4G (eller n\u00e4tverkskabel). Molntja\u0308nsten My Charge Space ger dig full kontroll \u00f6ver historik och mo\u0308jlighet till schemala\u0308ggning, timer och automatiska rapporter. AURA kan lastbalanseras fo\u0308r att inga\u030a i sto\u0308rre installationer och da\u030a dynamiskt allokera stro\u0308m fo\u0308r optimalt utnyttjande.<\/p>\n<h3>F\u00f6rberedd f\u00f6r V2G<\/h3>\n<p>AURA \u00e4r f\u00f6rberedd f\u00f6r ISO15118 vilket \u00f6ppnar upp f\u00f6r en rad m\u00f6jligheter. ISO 15118 ut\u00f6kar bilens datakommunikation och \u00e4r en f\u00f6ruts\u00e4ttning f\u00f6r Vehicle-2-grid teknologin. Denna teknologi \u00e4r ocks\u00e5 f\u00f6ruts\u00e4ttningen f\u00f6r att str\u00f6m skall kunna g\u00e5 b\u00e5de in i och ut fr\u00e5n bilen, s\u00e5 att den \u00e4ven kan anv\u00e4ndas till batterilagring.<\/p>\n<h3>Ladda med el fr\u00e5n solpaneler<\/h3>\n<p>Ladda din bil med egenproducerad el fr\u00e5n solpaneler. Med Charge Amps senaste funktion <strong>Green Charging<\/strong>\u00a0 har du m\u00f6jlighet att ladda bilen med b\u00e5de el fr\u00e5n eln\u00e4tet och egenproducerad solel. Du har ocks\u00e5 m\u00f6jlighet att byta till helt gr\u00f6n laddning och d\u00e5 ladda elbilen med enbart el fr\u00e5n solpaneler. St\u00e4ll in den schemal\u00e4ggning du f\u00f6redrar i Charge Amps app.<\/p>\n<h3>Fakta om Charge Amps Aura:<\/h3>\n<table>\n<tbody>\n<tr>\n<td><strong>Tillverkare:<\/strong> Charge Amps<\/td>\n<td><strong>WiFi:<\/strong> Ja<\/td>\n<\/tr>\n<tr>\n<td><strong>Modell:<\/strong> Aura<\/td>\n<td><strong>RFID:<\/strong>\u00a0Ja<\/td>\n<\/tr>\n<tr>\n<td><strong>Antal faser:<\/strong> 3-fas<\/td>\n<td><strong>App:<\/strong> Ja<\/td>\n<\/tr>\n<tr>\n<td><strong>Str\u00f6mstyrka:<\/strong> 2 x 32A<\/td>\n<td><strong>Vikt:<\/strong>\u00a010 kg<\/td>\n<\/tr>\n<tr>\n<td><strong>Maximal effekt:<\/strong> 2 x 22kW<\/td>\n<td><strong>M\u00e5tt\u00a0<\/strong><strong>(h x b x d):<\/strong> 405 x 367 x 159 mm<\/td>\n<\/tr>\n<tr>\n<td><strong>Kabel eller uttag:<\/strong> 2 st uttag<\/td>\n<td><strong>Driftstemperatur:<\/strong>\u00a0\u201330 \u00b0C till +45 \u00b0C<\/td>\n<\/tr>\n<tr>\n<td><strong>Energim\u00e4tning:<\/strong> Ja<\/td>\n<td><strong>Skyddsklass:<\/strong> IP55<\/td>\n<\/tr>\n<tr>\n<td><strong>St\u00f6d f\u00f6r lastbalansering:<\/strong> Ja<\/td>\n<td><strong>Garanti:<\/strong>\u00a03 \u00e5r<\/td>\n<\/tr>\n<tr>\n<td><strong>4G LTE-M:<\/strong> Ja (abonnemang och SIM kort f\u00f6r 4G kr\u00e4vs, ing\u00e5r ej)<\/td>\n<td><\/td>\n<\/tr>\n<\/tbody>\n<\/table>\n<h3>Vanliga fr\u00e5gor om Charge Amps Aura<\/h3>\n<p><strong>&#8211; Har Charge Amps Aura lastbalansering?\u00a0<\/strong><\/p>\n<p>Ja hos oss p\u00e5 Laddstoppet kan du v\u00e4lja till lastbalansering till din Charge Amps Aura. Den heter Amp Guard och du kan l\u00e4sa mer om den l\u00e4ngre ner p\u00e5 sidan.<\/p>\n<p><strong>&#8211; Vilka bilmodeller passar till Charge Amps Aura?<\/strong><\/p>\n<p>Charge Amps Aura leveras utan fast laddkabel och passar d\u00e4rmed alla bilmodeller p\u00e5 marknaden.<\/p>\n<p><strong>&#8211; Hur mycket kostar det att installera Charge Amps Aura?<\/strong><\/p>\n<p>Aktuellt pris f\u00f6r installation av Charge Amps Aura finner du \u00f6verst p\u00e5 sidan.<\/p>\n<p><strong>&#8211; Hur l\u00e5ng \u00e4r leveranstiden f\u00f6r Charge Amps Aura?<\/strong><\/p>\n<p>Vi p\u00e5 Laddstoppet erbjuder leverans av Charge Amps Aura inom 1-3 arbetsdagar i hela landet. V\u00e4ljer du Charge Amps Aura med standardinstallation har vi normalt en leveranstid p\u00e5 2-4 veckor. Beroende p\u00e5 vilken ort du bor i kan leveranstiden variera.<\/p>\n<h3>Lastbalansering med Amp Guard<\/h3>\n<p>F\u00f6r att f\u00f6rdela effekten smart, lastbalanserar Aura mellan sina b\u00e5da uttag, men Aura kan \u00e4ven balansera mot andra Aura och Halo fr\u00e5n Charge Amps. Beh\u00f6ver du lastbalansera mot huset \u00e4r det en <a href=\"https:\/\/laddstoppet.se\/laddstationer\/chargeamps\/ampguard\" target=\"_blank\" rel=\"noopener noreferrer\"><u>Amp Guard<\/u><\/a> som du beh\u00f6ver komplettera med.<\/p>\n<p><strong>INSTALLERAT &amp; KLART<\/strong><\/p>\n<p>Installation utf\u00f6rs av beh\u00f6rig elektriker. Installationsmanualen \u00e4r p\u00e5 svenska och finns att ladda ner h\u00e4r p\u00e5 denna sida.<\/p>\n<p>Vi installerar i hela Sverige! Normalt installerar vi ca 2-4 veckor efter vi har fa\u030att in kompletterande uppgifter om din installation. L\u00e4ngre v\u00e4ntetid kan f\u00f6rekomma i semestertider.<\/p>\n<p>\u00c4r du elektriker och vill bli v\u00e5r samarbetspartner? Kontakta oss ga\u0308rna pa\u030a: info@laddstoppet.se<\/p>\n<h4>Manualer<\/h4>\n<p><a href=\"https:\/\/s3.eu-west-1.amazonaws.com\/storage.quickbutik.com\/stores\/6348j\/files\/ProductdatasheetChargeAmpsAurasecompressed1.pdf\" target=\"_blank\" rel=\"noopener noreferrer\"><u>Produktblad<\/u><\/a><\/p>\n<p><a href=\"https:\/\/s3.eu-west-1.amazonaws.com\/storage.quickbutik.com\/stores\/6348j\/files\/InstallationmanualChargeAmpsAurasv.pdf\" target=\"_blank\" rel=\"noopener noreferrer\"><u>Installationsmanual<\/u><\/a><\/p>\n<p><a href=\"https:\/\/s3.eu-west-1.amazonaws.com\/storage.quickbutik.com\/stores\/6348j\/files\/UserManualChargeAmpsAurasv.pdf\" target=\"_blank\" rel=\"noopener noreferrer\"><u>Anv\u00e4ndarmanual<\/u><\/a><\/p>\n<p><a href=\"https:\/\/s3.eu-west-1.amazonaws.com\/storage.quickbutik.com\/stores\/6348j\/files\/Quick-Guide-Charge-Amps-Aura-Multilanguage.pdf\" target=\"_blank\" rel=\"noopener noreferrer\"><u>Snabbguide<\/u><\/a><\/p>\n","protected":false},"excerpt":{"rendered":"<p>Charge Amps Aura 22kW laddbox med tv\u00e5 uttag som kan ladda 2 x 22 kW samtidigt. Snygg design i \u00e5tervunnet material.<\/p>\n","protected":false},"featured_media":66,"comment_status":"open","ping_status":"closed","template":"","meta":{"site-sidebar-layout":"default","site-content-layout":"default","ast-global-header-display":"","ast-main-header-display":"","ast-hfb-above-header-display":"","ast-hfb-below-header-display":"","ast-hfb-mobile-header-display":"","site-post-title":"","ast-breadcrumbs-content":"","ast-featured-img":"","footer-sml-layout":"","theme-transparent-header-meta":"default","adv-header-id-meta":"","stick-header-meta":"","header-above-stick-meta":"","header-main-stick-meta":"","header-below-stick-meta":""},"product_cat":[21],"product_tag":[],"class_list":{"0":"post-60","1":"product","2":"type-product","3":"status-publish","4":"has-post-thumbnail","6":"product_cat-laddboxar","7":"desktop-align-left","8":"tablet-align-left","9":"mobile-align-left","11":"first","12":"instock","13":"shipping-taxable","14":"purchasable","15":"product-type-variable"},"_links":{"self":[{"href":"https:\/\/dev.chargespot.se\/index.php?rest_route=\/wp\/v2\/product\/60","targetHints":{"allow":["GET"]}}],"collection":[{"href":"https:\/\/dev.chargespot.se\/index.php?rest_route=\/wp\/v2\/product"}],"about":[{"href":"https:\/\/dev.chargespot.se\/index.php?rest_route=\/wp\/v2\/types\/product"}],"replies":[{"embeddable":true,"href":"https:\/\/dev.chargespot.se\/index.php?rest_route=%2Fwp%2Fv2%2Fcomments&post=60"}],"version-history":[{"count":3,"href":"https:\/\/dev.chargespot.se\/index.php?rest_route=\/wp\/v2\/product\/60\/revisions"}],"predecessor-version":[{"id":799,"href":"https:\/\/dev.chargespot.se\/index.php?rest_route=\/wp\/v2\/product\/60\/revisions\/799"}],"wp:featuredmedia":[{"embeddable":true,"href":"https:\/\/dev.chargespot.se\/index.php?rest_route=\/wp\/v2\/media\/66"}],"wp:attachment":[{"href":"https:\/\/dev.chargespot.se\/index.php?rest_route=%2Fwp%2Fv2%2Fmedia&parent=60"}],"wp:term":[{"taxonomy":"product_cat","embeddable":true,"href":"https:\/\/dev.chargespot.se\/index.php?rest_route=%2Fwp%2Fv2%2Fproduct_cat&post=60"},{"taxonomy":"product_tag","embeddable":true,"href":"https:\/\/dev.chargespot.se\/index.php?rest_route=%2Fwp%2Fv2%2Fproduct_tag&post=60"}],"curies":[{"name":"wp","href":"https:\/\/api.w.org\/{rel}","templated":true}]}}