{"id":3,"date":"2023-03-28T15:20:56","date_gmt":"2023-03-28T15:20:56","guid":{"rendered":"https:\/\/chargespot.se\/?page_id=3"},"modified":"2023-03-31T07:27:43","modified_gmt":"2023-03-31T07:27:43","slug":"privacy-policy","status":"publish","type":"page","link":"https:\/\/dev.chargespot.se\/?page_id=3","title":{"rendered":"Integritetspolicy"},"content":{"rendered":"\t\t<div data-elementor-type=\"wp-page\" data-elementor-id=\"3\" class=\"elementor elementor-3\">\n\t\t\t\t\t\t\t\t\t<section class=\"elementor-section elementor-top-section elementor-element elementor-element-4db4c0a3 elementor-section-boxed elementor-section-height-default elementor-section-height-default\" data-id=\"4db4c0a3\" data-element_type=\"section\">\n\t\t\t\t\t\t<div class=\"elementor-container elementor-column-gap-default\">\n\t\t\t\t\t<div class=\"elementor-column elementor-col-100 elementor-top-column elementor-element elementor-element-46c6a7ae\" data-id=\"46c6a7ae\" data-element_type=\"column\">\n\t\t\t<div class=\"elementor-widget-wrap elementor-element-populated\">\n\t\t\t\t\t\t\t\t<div class=\"elementor-element elementor-element-9d86b2b elementor-widget elementor-widget-text-editor\" data-id=\"9d86b2b\" data-element_type=\"widget\" data-widget_type=\"text-editor.default\">\n\t\t\t\t<div class=\"elementor-widget-container\">\n\t\t\t<style>\/*! elementor - v3.12.1 - 02-04-2023 *\/\n.elementor-widget-text-editor.elementor-drop-cap-view-stacked .elementor-drop-cap{background-color:#69727d;color:#fff}.elementor-widget-text-editor.elementor-drop-cap-view-framed .elementor-drop-cap{color:#69727d;border:3px solid;background-color:transparent}.elementor-widget-text-editor:not(.elementor-drop-cap-view-default) .elementor-drop-cap{margin-top:8px}.elementor-widget-text-editor:not(.elementor-drop-cap-view-default) .elementor-drop-cap-letter{width:1em;height:1em}.elementor-widget-text-editor .elementor-drop-cap{float:left;text-align:center;line-height:1;font-size:50px}.elementor-widget-text-editor .elementor-drop-cap-letter{display:inline-block}<\/style>\t\t\t\t<p style=\"font-style: normal; margin-bottom: 0.5rem; font-family: lato, sans-serif; line-height: 1.3; caret-color: #000000; color: #000000;\"><span style=\"font-size: 16px; font-weight: inherit; background-color: var(--ast-global-color-5);\">Chargespot AB v\u00e4rnar om din integritet. Vi g\u00f6r allt vi kan f\u00f6r att h\u00e5lla dina personuppgifter som du l\u00e4mnar till oss p\u00e5 ett s\u00e5 s\u00e4kert s\u00e4tt som m\u00f6jligt och att f\u00f6lja vid var tid g\u00e4llande integritetslagstiftning vid all behandling av personuppgifter.<\/span><\/p><p style=\"font-style: normal; margin-bottom: 0.5rem; font-family: lato, sans-serif; line-height: 1.3; caret-color: #000000; color: #000000;\"><span style=\"font-size: 16px; font-weight: inherit; background-color: var(--ast-global-color-5);\">\u00a0<\/span><\/p><p style=\"font-style: normal; margin-bottom: 0.5rem; font-family: lato, sans-serif; line-height: 1.3; caret-color: #000000; color: #000000;\"><span style=\"font-size: 18px;\"><span style=\"font-family: Arial, Helvetica, sans-serif;\">Ansvarig<\/span><\/span><\/p><p style=\"margin-bottom: 1rem;\"><span style=\"caret-color: #000000; color: #000000; font-family: lato, sans-serif; font-size: 16px; font-style: normal; background-color: var(--ast-global-color-5);\">Chargespot AB,\u00a0<\/span><span style=\"background-color: var(--ast-global-color-5); caret-color: #000000;\"><span style=\"color: #000000; font-family: lato, sans-serif;\">559371-7753<\/span><\/span><span style=\"caret-color: #000000; color: #000000; font-family: lato, sans-serif; font-size: 16px; font-style: normal; background-color: var(--ast-global-color-5);\">, Kvarngatan 2, 311 32 Falkenberg<\/span><\/p><p style=\"font-style: normal; margin-bottom: 0.5rem; font-family: lato, sans-serif; line-height: 1.3; caret-color: #000000; color: #000000;\"><span style=\"font-size: 18px;\"><span style=\"font-family: Arial, Helvetica, sans-serif;\">Personuppgifter som vi behandlar<\/span><\/span><\/p><p style=\"font-size: 16px; font-style: normal; margin-bottom: 1rem; caret-color: #000000; color: #000000; font-family: lato, sans-serif;\">Vi behandlar de personuppgifter som du l\u00e4mnar till oss vid k\u00f6p och vid eventuell registrering av nyhetsbrev. Du l\u00e4mnar \u00e4ven personuppgifter n\u00e4r du kontaktar oss via chatten , vid registrering av \u00f6nskelista samt v\u00e5rt mailformul\u00e4r.<\/p><p style=\"font-style: normal; margin-bottom: 0.5rem; font-family: lato, sans-serif; line-height: 1.3; caret-color: #000000; color: #000000;\"><span style=\"font-size: 18px;\"><span style=\"font-family: Arial, Helvetica, sans-serif;\">\u00c4ndam\u00e5l f\u00f6r insamlingen<\/span><\/span><\/p><p style=\"font-style: normal; margin-bottom: 0.5rem; font-family: lato, sans-serif; line-height: 1.3; caret-color: #000000; color: #000000;\"><span style=\"font-size: 18px;\"><span style=\"font-family: Arial, Helvetica, sans-serif;\">F\u00f6rs\u00e4ljning<\/span><\/span><\/p><p style=\"font-size: 16px; font-style: normal; margin-bottom: 1rem; caret-color: #000000; color: #000000; font-family: lato, sans-serif;\">F\u00f6r att kunna fullf\u00f6lja v\u00e5r del av v\u00e5rt avtal vid ett k\u00f6p beh\u00f6ver vi samla in personuppgifter som Namn, Adress, e-postadress och telefonnummer. V\u00e5rt insamlande av dessa uppgifter finner sitt lagliga st\u00f6d i att vi beh\u00f6ver det f\u00f6r att kunna fullf\u00f6lja v\u00e5r del av k\u00f6peavtalet. Vid utebliven information kan vi inte genomf\u00f6ra ditt k\u00f6p.<\/p><p style=\"font-size: 16px; font-style: normal; margin-bottom: 1rem; caret-color: #000000; color: #000000; font-family: lato, sans-serif;\">Vi beh\u00f6ver \u00e4ven informationen f\u00f6r att kunna behandla \u00e5ngerr\u00e4tt, eventuella garantianspr\u00e5k samt reklamation. Vi finner laglig grund f\u00f6r detta f\u00f6r att vi ska kunna uppfylla v\u00e5ra antaganden och fullf\u00f6lja v\u00e5r del av k\u00f6pet.<\/p><p style=\"font-style: normal; margin-bottom: 0.5rem; font-family: lato, sans-serif; line-height: 1.3; caret-color: #000000; color: #000000;\"><span style=\"font-size: 18px;\"><span style=\"font-family: Arial, Helvetica, sans-serif;\">Marknadsf\u00f6ring<\/span><\/span><\/p><p style=\"font-size: 16px; font-style: normal; margin-bottom: 1rem; caret-color: #000000; color: #000000; font-family: lato, sans-serif;\">Du kan vid ett k\u00f6p eller separat tillf\u00e4lle l\u00e4mna samtycke till att vi skickar nyhetsbrev eller notifikation om en produkt \u00e5ter \u00e4r i lager till dig. Vi kommer i detta fall behandla personuppgifter s\u00e5 som namn och e-postadress. Den r\u00e4ttsliga grunden f\u00f6r denna behandlingen baseras p\u00e5 samtycke.<\/p><p style=\"font-style: normal; margin-bottom: 0.5rem; font-family: lato, sans-serif; line-height: 1.3; caret-color: #000000; color: #000000;\"><span style=\"font-family: Arial, Helvetica, sans-serif;\">Tillg\u00e5ng till personuppgifter<\/span><\/p><p style=\"font-size: 16px; font-style: normal; margin-bottom: 1rem; caret-color: #000000; color: #000000; font-family: lato, sans-serif;\">I den m\u00e5n det g\u00e5r behandlas dina personuppgifter endast av oss. Vid vissa tillf\u00e4llen kommer dina uppgifter att behandlas av v\u00e5ra leverant\u00f6rer f\u00f6r att kunna fullf\u00f6lja k\u00f6pet.<br \/>F\u00f6r att kunna leverera det du har best\u00e4llt m\u00e5ste vi dela med oss av personuppgifter till logistikf\u00f6retag (f\u00f6r n\u00e4rvarande DHL).<br \/>F\u00f6r att kunna ta betalt f\u00f6r varorna m\u00e5ste vi dela med oss av personuppgifter till v\u00e5ra betaltj\u00e4nstleverant\u00f6rer (F\u00f6r n\u00e4rvarande Klarna och Swish), du kan sj\u00e4lv v\u00e4lja vilken leverant\u00f6r som ska anv\u00e4ndas)<br \/>Personuppgifter vid k\u00f6p lagras p\u00e5 Oderlands servrar<\/p><p style=\"font-style: normal; margin-bottom: 0.5rem; font-family: lato, sans-serif; line-height: 1.3; caret-color: #000000; color: #000000;\"><span style=\"font-family: Arial, Helvetica, sans-serif;\">Lagringstid<\/span><\/p><p style=\"font-size: 16px; font-style: normal; margin-bottom: 1rem; caret-color: #000000; color: #000000; font-family: lato, sans-serif;\">Vi sparar inte personuppgifter l\u00e4ngre \u00e4n vad som beh\u00f6vs f\u00f6r att kunna administrera ditt k\u00f6p eller fullf\u00f6lja v\u00e5ra skyldigheter gentemot dig.<br \/>Enligt bokf\u00f6ringslagen sparar vi information om v\u00e5rt avtal med dig i sju (7) \u00e5r.<br \/>Personuppgifter f\u00f6r nyhetsbrev sparar vi tills du ger besked om att du inte l\u00e4ngre vill ha nyhetsbrev.<\/p><p style=\"font-style: normal; margin-bottom: 0.5rem; font-family: lato, sans-serif; line-height: 1.3; caret-color: #000000; color: #000000;\"><span style=\"font-family: Arial, Helvetica, sans-serif;\">Dina r\u00e4ttigheter<\/span><\/p><p style=\"font-size: 16px; font-style: normal; margin-bottom: 1rem; caret-color: #000000; color: #000000; font-family: lato, sans-serif;\">Du har n\u00e4rsomhelst r\u00e4ttighet att kostnadsfritt beg\u00e4ra utdrag fr\u00e5n oss p\u00e5 vilka personuppgifter vi behandlar om dig. Du har \u00e4ven r\u00e4tt att kr\u00e4va r\u00e4ttelse av dina personuppgifter.<\/p><p style=\"font-size: 16px; font-style: normal; margin-bottom: 1rem; caret-color: #000000; color: #000000; font-family: lato, sans-serif;\">Du har \u00e4ven r\u00e4tt \u00e5terkalla ditt samtycke f\u00f6r behandling av dina personuppgifter d\u00e4r du har l\u00e4mnat ditt samtycke. Vi kommer d\u00e5 att radera de personuppgifter vi har om dig f\u00f6r det \u00e4ndam\u00e5l som du l\u00e4mnat samtycke till.<br \/>Vi kan dock beh\u00f6va beh\u00e5lla vissa personuppgifter f\u00f6r andra \u00e4ndam\u00e5l som beskrivits i denna text.<\/p><p style=\"font-size: 16px; font-style: normal; margin-bottom: 1rem; caret-color: #000000; color: #000000; font-family: lato, sans-serif;\">Du har r\u00e4tt att kr\u00e4va radering eller anonymisering av dina personuppgifter under vissa f\u00f6ruts\u00e4ttningar. Du har \u00e4ven r\u00e4tt att skicka klagom\u00e5l till Svenska datainspektionen.<\/p><p style=\"font-size: 16px; font-style: normal; margin-bottom: 1rem; caret-color: #000000; color: #000000; font-family: lato, sans-serif;\">Du har r\u00e4tt att f\u00e5 dina personuppgifter i ett strukturerat maskinl\u00e4sbart format \u00f6verflyttad till en annan personuppgiftsansvarig.<\/p>\t\t\t\t\t\t<\/div>\n\t\t\t\t<\/div>\n\t\t\t\t\t<\/div>\n\t\t<\/div>\n\t\t\t\t\t\t\t<\/div>\n\t\t<\/section>\n\t\t\t\t\t\t\t<\/div>\n\t\t","protected":false},"excerpt":{"rendered":"<p>Chargespot AB v\u00e4rnar om din integritet. Vi g\u00f6r allt vi kan f\u00f6r att h\u00e5lla dina personuppgifter som du l\u00e4mnar till oss p\u00e5 ett s\u00e5 s\u00e4kert s\u00e4tt som m\u00f6jligt och att f\u00f6lja vid var tid g\u00e4llande integritetslagstiftning vid all behandling av personuppgifter. Ansvarig Chargespot AB,&nbsp;559371-7753, Kvarngatan 2, 311 32 Falkenberg Personuppgifter som vi behandlar Vi behandlar &hellip;<\/p>\n<p class=\"read-more\"> <a class=\"\" href=\"https:\/\/dev.chargespot.se\/?page_id=3\"> <span class=\"screen-reader-text\">Integritetspolicy<\/span> L\u00e4s mer &raquo;<\/a><\/p>\n","protected":false},"author":1,"featured_media":0,"parent":0,"menu_order":0,"comment_status":"closed","ping_status":"open","template":"","meta":{"site-sidebar-layout":"default","site-content-layout":"default","ast-global-header-display":"","ast-main-header-display":"","ast-hfb-above-header-display":"","ast-hfb-below-header-display":"","ast-hfb-mobile-header-display":"","site-post-title":"","ast-breadcrumbs-content":"","ast-featured-img":"","footer-sml-layout":"","theme-transparent-header-meta":"","adv-header-id-meta":"","stick-header-meta":"","header-above-stick-meta":"","header-main-stick-meta":"","header-below-stick-meta":"","footnotes":""},"class_list":["post-3","page","type-page","status-publish","hentry"],"_links":{"self":[{"href":"https:\/\/dev.chargespot.se\/index.php?rest_route=\/wp\/v2\/pages\/3","targetHints":{"allow":["GET"]}}],"collection":[{"href":"https:\/\/dev.chargespot.se\/index.php?rest_route=\/wp\/v2\/pages"}],"about":[{"href":"https:\/\/dev.chargespot.se\/index.php?rest_route=\/wp\/v2\/types\/page"}],"author":[{"embeddable":true,"href":"https:\/\/dev.chargespot.se\/index.php?rest_route=\/wp\/v2\/users\/1"}],"replies":[{"embeddable":true,"href":"https:\/\/dev.chargespot.se\/index.php?rest_route=%2Fwp%2Fv2%2Fcomments&post=3"}],"version-history":[{"count":7,"href":"https:\/\/dev.chargespot.se\/index.php?rest_route=\/wp\/v2\/pages\/3\/revisions"}],"predecessor-version":[{"id":771,"href":"https:\/\/dev.chargespot.se\/index.php?rest_route=\/wp\/v2\/pages\/3\/revisions\/771"}],"wp:attachment":[{"href":"https:\/\/dev.chargespot.se\/index.php?rest_route=%2Fwp%2Fv2%2Fmedia&parent=3"}],"curies":[{"name":"wp","href":"https:\/\/api.w.org\/{rel}","templated":true}]}}